{"id":207,"date":"2020-02-10T15:32:19","date_gmt":"2020-02-10T14:32:19","guid":{"rendered":"http:\/\/fishinbretagne.fr\/?page_id=207"},"modified":"2024-01-08T13:28:48","modified_gmt":"2024-01-08T12:28:48","slug":"mentions-legales","status":"publish","type":"page","link":"https:\/\/fishinbretagne.fr\/?page_id=207","title":{"rendered":"Mentions l\u00e9gales"},"content":{"rendered":"\n<div class=\"wp-block-columns is-layout-flex wp-container-core-columns-layout-1 wp-block-columns-is-layout-flex\">\n<div class=\"wp-block-column is-layout-flow wp-block-column-is-layout-flow\" style=\"flex-basis:100%\">\n<pre class=\"wp-block-code\"><code><div class=\"wp-block-themeisle-blocks-advanced-columns has-1-columns has-desktop-equal-layout has-tablet-equal-layout has-mobile-equal-layout has-default-gap has-vertical-unset\" id=\"wp-block-themeisle-blocks-advanced-columns-b8e98d43\" style=\"border-width:0px;border-style:solid;border-color:#000000;border-radius:0px;justify-content:unset\"><div class=\"wp-themeisle-block-overlay\" style=\"opacity:0.5;mix-blend-mode:normal\"><\/div><div class=\"innerblocks-wrap\">\n<div class=\"wp-block-themeisle-blocks-advanced-column\" id=\"wp-block-themeisle-blocks-advanced-column-4a5dffed\" style=\"border-width:0px;border-style:solid;border-color:#000000;border-radius:0px\">\n<p>Le\nsite internet&nbsp;Fishinbretagne.fr\nest la propri\u00e9t\u00e9 de Mr Benjamin Glais.<\/p>\n<p><strong>Le\ndirecteur de la publication<\/strong>&nbsp;:\nBenjamin Glais<br>\n<strong>N\u00b0 Siret :<\/strong><strong>&nbsp;98234392300016<\/strong><strong><br>\nCarte pro :&nbsp;035119ED0181 <br>\nT\u00e9l :&nbsp;<\/strong>06-38-67-41_16<br>\n<strong>Email :&nbsp;<\/strong><a href=\"mailto:yoannbigne@gmail.com\"><strong><em>contact@fishinbretagne.fr<\/em><\/strong><\/a><\/p>\n<h3>Pr\u00e9sentation du site web<\/h3>\n<p>Conform\u00e9ment\n\u00e0 la loi n\u00b0 2004-2005 du 21 juin 2004 pour la confiance dans l\u2019\u00e9conomie\nnum\u00e9rique, le site web cr\u00e9\u00e9 par Benjamin Glais, propri\u00e9taire du site\nwww.fishinbretagne.fr, met \u00e0 disposition du public les informations le\nconcernant.<\/p>\n<p><br>\n\u00c9ventuellement modifiables, nous vous invitons donc \u00e0 consulter les mentions\nl\u00e9gales le plus souvent possible, de mani\u00e8re \u00e0 en prendre connaissance fr\u00e9quemment<\/p>\n<p>Le\nsite appartient \u00e0 Benjamin Glais, dont le si\u00e8ge social est situ\u00e9 \u00e0 l\u2019adresse\nsuivante : 18 cour Ville Collet 35400 Saint Malo<br>\nBenjamin Glais est responsable de la publication, dont l\u2019adresse e-mail est la\nsuivante : contact@fishinbretagne.fr<\/p>\n<p>Le site est h\u00e9berg\u00e9 par OVH, dont le si\u00e8ge social est\nlocalis\u00e9 \u00e0 Roubaix \u2013 France.<br>\nConditions g\u00e9n\u00e9rales d\u2019utilisation du site et\ndes services propos\u00e9s.<\/p>\n<p>En\nutilisant notre site web, vous acceptez pleinement et enti\u00e8rement les\nconditions g\u00e9n\u00e9rales d\u2019utilisation pr\u00e9cis\u00e9es dans nos mentions l\u00e9gales.\nAccessible \u00e0 tout type de visiteurs, il est important de pr\u00e9ciser toutefois\nqu\u2019une interruption pour maintenance du site web peut-\u00eatre d\u00e9cid\u00e9e par Benjamin\nGlais.<\/p>\n<h3>Les produits ou services propos\u00e9s<\/h3>\n<p>En\naccord avec sa politique de communication, le site a pour vocation d\u2019informer\nles utilisateurs sur les services propos\u00e9s par Benjamin Glais, qui s\u2019efforce\nalors de fournir des informations pr\u00e9cises sur son activit\u00e9. Cependant, des\ninexactitudes ou des omissions peuvent exister : Benjamin Glais ne pourra en\naucun cas \u00eatre tenu pour responsable pour toute erreur pr\u00e9sente sur le site.<\/p>\n<h3>Limitations contractuelles<\/h3>\n<p>Les\ninformations retranscrites sur notre site web font l\u2019objet de d\u00e9marches\nqualitatives, en vue de nous assurer de leur fiabilit\u00e9. Cependant, nous ne\npourrons encourir de responsabilit\u00e9s en cas d\u2019inexactitudes techniques lors de\nnos explications.<br>\nSi vous constatez une erreur concernant des informations que nous auront pu\n\u00e9mettre, n\u2019h\u00e9sitez pas \u00e0 nous le signaler par mail.<\/p>\n<p>Les\nliens reli\u00e9s directement ou indirectement \u00e0 notre site web ne sont pas sous le\ncontr\u00f4le de notre soci\u00e9t\u00e9. Par cons\u00e9quent, nous ne pouvons nous assurer de\nl\u2019exactitude des informations pr\u00e9sentes sur ces autres sites Internet.<\/p>\n<p>Utilisant\nla technologie JavaScript, le site ne pourra \u00eatre tenu pour responsable en cas\nde dommages mat\u00e9riels li\u00e9s \u00e0 son utilisation. Par ailleurs, toute autre type de\ncons\u00e9quence li\u00e9e \u00e0 l\u2019exploitation du site qu\u2019elle soit direct ou indirect (bug,\nincompatibilit\u00e9, virus, etc.).<\/p>\n<p><strong>Propri\u00e9t\u00e9\nintellectuelle et contenu du site Internet<\/strong><\/p>\n<p>Le contenu\nr\u00e9dactionnel du site web appartient exclusivement \u00e0 Benjamin Glais Toute\nviolation des droits d\u2019auteur est sanctionn\u00e9e par l\u2019article L.335-2 du Code de\nla Propri\u00e9t\u00e9 Intellectuelle, avec une peine encourue de 2 ans d\u2019emprisonnement\net de 150 000\u20ac d\u2019amende<\/p>\n<p>En\nnaviguant sur le site, l\u2019utilisateur accepte \u00e9galement l\u2019installation de\ncookies \u00e9ventuelle sur son ordinateur.<\/p>\n<h3>Donn\u00e9es personnelles, respect de votre vie priv\u00e9e et de\nvos libert\u00e9s<\/h3>\n<p>Toutes\ninformations recueillies sur le site web se font dans le cadre des besoins li\u00e9s\n\u00e0 l\u2019utilisation de notre plateforme, tels que le formulaire de contact.<br>\nBenjamin Glais s\u2019engage \u00e0 ne c\u00e9der en aucun cas les informations concernant les\nutilisateurs du site Internet, de quelque fa\u00e7on qu\u2019il soit (vente, \u00e9change,\npr\u00eat, location, don).<\/p>\n<p>Conform\u00e9ment\n\u00e0 la loi \u00ab informatique et libert\u00e9s \u00bb du 6 janvier 1978 modifi\u00e9e en 2004,\nl\u2019utilisateur b\u00e9n\u00e9ficie d\u2019un droit d\u2019acc\u00e8s et de rectification aux informations\nle concernant, droit qu\u2019il peut exercer \u00e0 tout moment en adressant un mail \u00e0\nl\u2019adresse contact@fishinbretagne.fr, ou en effectuant sa demande par courrier,\n\u00e0 l\u2019adresse suivante : Benjamin Glais 18 cour Ville Collet 35400 Saint Malo<\/p>\n<p><strong>Droit\napplicable et lois concern\u00e9es<\/strong><\/p>\n<p>Soumis au droit\nfran\u00e7ais, le site est encadr\u00e9 par la loi n\u00b0 2004-2005 du 21 juin 2004 pour la\nconfiance dans l\u2019\u00e9conomie num\u00e9rique, l\u2019article L.335-2 du Code de la Propri\u00e9t\u00e9\nIntellectuelle et la loi \u00ab informatique et libert\u00e9s \u00bb du 6 janvier 1978\nmodifi\u00e9e en 2004.<\/p>\n<\/div>\n<\/div><\/div><\/code><\/pre>\n<\/div>\n<\/div>\n","protected":false},"excerpt":{"rendered":"","protected":false},"author":1,"featured_media":0,"parent":0,"menu_order":0,"comment_status":"closed","ping_status":"closed","template":"","meta":{"_exactmetrics_skip_tracking":false,"_exactmetrics_sitenote_active":false,"_exactmetrics_sitenote_note":"","_exactmetrics_sitenote_category":0,"footnotes":""},"yoast_head":"<!-- This site is optimized with the Yoast SEO plugin v19.12 - https:\/\/yoast.com\/wordpress\/plugins\/seo\/ -->\n<title>Mentions l\u00e9gales - Fish&#039;in Bretagne<\/title>\n<meta name=\"robots\" content=\"index, follow, max-snippet:-1, max-image-preview:large, max-video-preview:-1\" \/>\n<link rel=\"canonical\" href=\"https:\/\/fishinbretagne.fr\/?page_id=207\/\" \/>\n<meta property=\"og:locale\" content=\"fr_FR\" \/>\n<meta property=\"og:type\" content=\"article\" \/>\n<meta property=\"og:title\" content=\"Mentions l\u00e9gales - Fish&#039;in Bretagne\" \/>\n<meta property=\"og:url\" content=\"https:\/\/fishinbretagne.fr\/?page_id=207\/\" \/>\n<meta property=\"og:site_name\" content=\"Fish&#039;in Bretagne\" \/>\n<meta property=\"article:modified_time\" content=\"2024-01-08T12:28:48+00:00\" \/>\n<meta name=\"twitter:card\" content=\"summary_large_image\" \/>\n<meta name=\"twitter:label1\" content=\"Dur\u00e9e de lecture estim\u00e9e\" \/>\n\t<meta name=\"twitter:data1\" content=\"3 minutes\" \/>\n<script type=\"application\/ld+json\" class=\"yoast-schema-graph\">{\"@context\":\"https:\/\/schema.org\",\"@graph\":[{\"@type\":\"WebPage\",\"@id\":\"https:\/\/fishinbretagne.fr\/?page_id=207\",\"url\":\"https:\/\/fishinbretagne.fr\/?page_id=207\",\"name\":\"Mentions l\u00e9gales - Fish&#039;in Bretagne\",\"isPartOf\":{\"@id\":\"https:\/\/fishinbretagne.fr\/#website\"},\"datePublished\":\"2020-02-10T14:32:19+00:00\",\"dateModified\":\"2024-01-08T12:28:48+00:00\",\"breadcrumb\":{\"@id\":\"https:\/\/fishinbretagne.fr\/?page_id=207#breadcrumb\"},\"inLanguage\":\"fr-FR\",\"potentialAction\":[{\"@type\":\"ReadAction\",\"target\":[\"https:\/\/fishinbretagne.fr\/?page_id=207\"]}]},{\"@type\":\"BreadcrumbList\",\"@id\":\"https:\/\/fishinbretagne.fr\/?page_id=207#breadcrumb\",\"itemListElement\":[{\"@type\":\"ListItem\",\"position\":1,\"name\":\"Accueil\",\"item\":\"https:\/\/fishinbretagne.fr\/\"},{\"@type\":\"ListItem\",\"position\":2,\"name\":\"Mentions l\u00e9gales\"}]},{\"@type\":\"WebSite\",\"@id\":\"https:\/\/fishinbretagne.fr\/#website\",\"url\":\"https:\/\/fishinbretagne.fr\/\",\"name\":\"Fish&#039;in Bretagne\",\"description\":\"Guide de p\u00eache \u00e0 Saint Malo\",\"publisher\":{\"@id\":\"https:\/\/fishinbretagne.fr\/#organization\"},\"potentialAction\":[{\"@type\":\"SearchAction\",\"target\":{\"@type\":\"EntryPoint\",\"urlTemplate\":\"https:\/\/fishinbretagne.fr\/?s={search_term_string}\"},\"query-input\":\"required name=search_term_string\"}],\"inLanguage\":\"fr-FR\"},{\"@type\":\"Organization\",\"@id\":\"https:\/\/fishinbretagne.fr\/#organization\",\"name\":\"Fish&#039;in Bretagne\",\"url\":\"https:\/\/fishinbretagne.fr\/\",\"logo\":{\"@type\":\"ImageObject\",\"inLanguage\":\"fr-FR\",\"@id\":\"https:\/\/fishinbretagne.fr\/#\/schema\/logo\/image\/\",\"url\":\"https:\/\/fishinbretagne.fr\/wp-content\/uploads\/2020\/02\/cropped-logo-site.png\",\"contentUrl\":\"https:\/\/fishinbretagne.fr\/wp-content\/uploads\/2020\/02\/cropped-logo-site.png\",\"width\":500,\"height\":536,\"caption\":\"Fish&#039;in Bretagne\"},\"image\":{\"@id\":\"https:\/\/fishinbretagne.fr\/#\/schema\/logo\/image\/\"}}]}<\/script>\n<!-- \/ Yoast SEO plugin. -->","yoast_head_json":{"title":"Mentions l\u00e9gales - Fish&#039;in Bretagne","robots":{"index":"index","follow":"follow","max-snippet":"max-snippet:-1","max-image-preview":"max-image-preview:large","max-video-preview":"max-video-preview:-1"},"canonical":"https:\/\/fishinbretagne.fr\/?page_id=207\/","og_locale":"fr_FR","og_type":"article","og_title":"Mentions l\u00e9gales - Fish&#039;in Bretagne","og_url":"https:\/\/fishinbretagne.fr\/?page_id=207\/","og_site_name":"Fish&#039;in Bretagne","article_modified_time":"2024-01-08T12:28:48+00:00","twitter_card":"summary_large_image","twitter_misc":{"Dur\u00e9e de lecture estim\u00e9e":"3 minutes"},"schema":{"@context":"https:\/\/schema.org","@graph":[{"@type":"WebPage","@id":"https:\/\/fishinbretagne.fr\/?page_id=207","url":"https:\/\/fishinbretagne.fr\/?page_id=207","name":"Mentions l\u00e9gales - Fish&#039;in Bretagne","isPartOf":{"@id":"https:\/\/fishinbretagne.fr\/#website"},"datePublished":"2020-02-10T14:32:19+00:00","dateModified":"2024-01-08T12:28:48+00:00","breadcrumb":{"@id":"https:\/\/fishinbretagne.fr\/?page_id=207#breadcrumb"},"inLanguage":"fr-FR","potentialAction":[{"@type":"ReadAction","target":["https:\/\/fishinbretagne.fr\/?page_id=207"]}]},{"@type":"BreadcrumbList","@id":"https:\/\/fishinbretagne.fr\/?page_id=207#breadcrumb","itemListElement":[{"@type":"ListItem","position":1,"name":"Accueil","item":"https:\/\/fishinbretagne.fr\/"},{"@type":"ListItem","position":2,"name":"Mentions l\u00e9gales"}]},{"@type":"WebSite","@id":"https:\/\/fishinbretagne.fr\/#website","url":"https:\/\/fishinbretagne.fr\/","name":"Fish&#039;in Bretagne","description":"Guide de p\u00eache \u00e0 Saint Malo","publisher":{"@id":"https:\/\/fishinbretagne.fr\/#organization"},"potentialAction":[{"@type":"SearchAction","target":{"@type":"EntryPoint","urlTemplate":"https:\/\/fishinbretagne.fr\/?s={search_term_string}"},"query-input":"required name=search_term_string"}],"inLanguage":"fr-FR"},{"@type":"Organization","@id":"https:\/\/fishinbretagne.fr\/#organization","name":"Fish&#039;in Bretagne","url":"https:\/\/fishinbretagne.fr\/","logo":{"@type":"ImageObject","inLanguage":"fr-FR","@id":"https:\/\/fishinbretagne.fr\/#\/schema\/logo\/image\/","url":"https:\/\/fishinbretagne.fr\/wp-content\/uploads\/2020\/02\/cropped-logo-site.png","contentUrl":"https:\/\/fishinbretagne.fr\/wp-content\/uploads\/2020\/02\/cropped-logo-site.png","width":500,"height":536,"caption":"Fish&#039;in Bretagne"},"image":{"@id":"https:\/\/fishinbretagne.fr\/#\/schema\/logo\/image\/"}}]}},"_links":{"self":[{"href":"https:\/\/fishinbretagne.fr\/index.php?rest_route=\/wp\/v2\/pages\/207"}],"collection":[{"href":"https:\/\/fishinbretagne.fr\/index.php?rest_route=\/wp\/v2\/pages"}],"about":[{"href":"https:\/\/fishinbretagne.fr\/index.php?rest_route=\/wp\/v2\/types\/page"}],"author":[{"embeddable":true,"href":"https:\/\/fishinbretagne.fr\/index.php?rest_route=\/wp\/v2\/users\/1"}],"replies":[{"embeddable":true,"href":"https:\/\/fishinbretagne.fr\/index.php?rest_route=%2Fwp%2Fv2%2Fcomments&post=207"}],"version-history":[{"count":6,"href":"https:\/\/fishinbretagne.fr\/index.php?rest_route=\/wp\/v2\/pages\/207\/revisions"}],"predecessor-version":[{"id":884,"href":"https:\/\/fishinbretagne.fr\/index.php?rest_route=\/wp\/v2\/pages\/207\/revisions\/884"}],"wp:attachment":[{"href":"https:\/\/fishinbretagne.fr\/index.php?rest_route=%2Fwp%2Fv2%2Fmedia&parent=207"}],"curies":[{"name":"wp","href":"https:\/\/api.w.org\/{rel}","templated":true}]}}