{"id":120,"date":"2019-11-15T15:02:35","date_gmt":"2019-11-15T14:02:35","guid":{"rendered":"http:\/\/fishinbretagne.fr\/?page_id=120"},"modified":"2022-12-16T14:59:20","modified_gmt":"2022-12-16T13:59:20","slug":"galerie","status":"publish","type":"page","link":"https:\/\/fishinbretagne.fr\/?page_id=120","title":{"rendered":"Galerie"},"content":{"rendered":"\n<div class=\"wp-block-group is-layout-constrained wp-block-group-is-layout-constrained\"><div class=\"wp-block-group__inner-container\">\n<div class=\"wp-block-group is-layout-constrained wp-block-group-is-layout-constrained\"><div class=\"wp-block-group__inner-container\">\n<div class=\"alignnormal\"><div id=\"metaslider-id-106\" style=\"width: 100%;\" class=\"ml-slider-3-62-0 metaslider metaslider-flex metaslider-106 ml-slider ms-theme-simply-dark has-dots-nav\" role=\"region\" aria-roledescription=\"Slideshow\" aria-label=\"New Slideshow\">\n    <div id=\"metaslider_container_106\">\n        <div id=\"metaslider_106\" class=\"flexslider\">\n            <ul aria-live=\"polite\" class=\"slides\">\n                <li style=\"display: block; width: 100%;\" class=\"slide-329 ms-image \" aria-roledescription=\"slide\" aria-label=\"slide-329\"><img loading=\"lazy\" decoding=\"async\" src=\"https:\/\/fishinbretagne.fr\/wp-content\/uploads\/2020\/04\/DSC_0034-scaled-800x600.jpg\" height=\"600\" width=\"800\" alt=\"Guide de p\u00eache Saint-Malo\" class=\"slider-106 slide-329\" title=\"Session estivale aux leurres durs\" \/><\/li>\n                <li style=\"display: none; width: 100%;\" class=\"slide-331 ms-image \" aria-roledescription=\"slide\" aria-label=\"slide-331\"><img loading=\"lazy\" decoding=\"async\" src=\"https:\/\/fishinbretagne.fr\/wp-content\/uploads\/2019\/11\/1-scaled-800x600.jpg\" height=\"600\" width=\"800\" alt=\"Guide de peche saint malo\" class=\"slider-106 slide-331\" title=\"Mat\u00e9riel pour la p\u00eache \u00e0 pied\" \/><\/li>\n                <li style=\"display: none; width: 100%;\" class=\"slide-332 ms-image \" aria-roledescription=\"slide\" aria-label=\"slide-332\"><img loading=\"lazy\" decoding=\"async\" src=\"https:\/\/fishinbretagne.fr\/wp-content\/uploads\/2019\/11\/3-scaled-800x600.jpg\" height=\"600\" width=\"800\" alt=\"guide de p\u00eache Saint-Malo\" class=\"slider-106 slide-332\" title=\"Belle prise de lan\u00e7ons\" \/><\/li>\n                <li style=\"display: none; width: 100%;\" class=\"slide-335 ms-image \" aria-roledescription=\"slide\" aria-label=\"slide-335\"><img loading=\"lazy\" decoding=\"async\" src=\"https:\/\/fishinbretagne.fr\/wp-content\/uploads\/2020\/04\/69878782_10162316257970068_2909004160152109056_o-720x540.jpg\" height=\"600\" width=\"800\" alt=\"Guide de p\u00eache Saint-Malo\" class=\"slider-106 slide-335\" title=\"P\u00e8re et fish\" \/><\/li>\n                <li style=\"display: none; width: 100%;\" class=\"slide-561 ms-image \" aria-roledescription=\"slide\" aria-label=\"slide-561\"><img loading=\"lazy\" decoding=\"async\" src=\"https:\/\/fishinbretagne.fr\/wp-content\/uploads\/2021\/11\/Saint-Pierre-\u00e0-la-ligne-scaled-800x600.jpg\" height=\"600\" width=\"800\" alt=\"Saint-Pierre\" class=\"slider-106 slide-561\" title=\"Saint-Pierre \u00e0 la ligne\" \/><\/li>\n                <li style=\"display: none; width: 100%;\" class=\"slide-562 ms-image \" aria-roledescription=\"slide\" aria-label=\"slide-562\"><img loading=\"lazy\" decoding=\"async\" src=\"https:\/\/fishinbretagne.fr\/wp-content\/uploads\/2021\/10\/image002-scaled-800x600.jpg\" height=\"600\" width=\"800\" alt=\"Joli poisson\" class=\"slider-106 slide-562\" title=\"Beau bar\" \/><\/li>\n                <li style=\"display: none; width: 100%;\" class=\"slide-563 ms-image \" aria-roledescription=\"slide\" aria-label=\"slide-563\"><img loading=\"lazy\" decoding=\"async\" src=\"https:\/\/fishinbretagne.fr\/wp-content\/uploads\/2021\/10\/IMG_3337-scaled-800x600.jpg\" height=\"600\" width=\"800\" alt=\"Fin de journ\u00e9e\" class=\"slider-106 slide-563\" title=\"Fin de journ\u00e9e\" \/><\/li>\n                <li style=\"display: none; width: 100%;\" class=\"slide-565 ms-image \" aria-roledescription=\"slide\" aria-label=\"slide-565\"><img loading=\"lazy\" decoding=\"async\" src=\"https:\/\/fishinbretagne.fr\/wp-content\/uploads\/2021\/11\/belle-prise-2-scaled-800x600.jpg\" height=\"600\" width=\"800\" alt=\"\" class=\"slider-106 slide-565\" title=\"belle prise 2\" \/><\/li>\n                <li style=\"display: none; width: 100%;\" class=\"slide-567 ms-image \" aria-roledescription=\"slide\" aria-label=\"slide-567\"><img loading=\"lazy\" decoding=\"async\" src=\"https:\/\/fishinbretagne.fr\/wp-content\/uploads\/2021\/11\/Cap-Fr\u00e9hel-scaled-800x600.jpg\" height=\"600\" width=\"800\" alt=\"\" class=\"slider-106 slide-567\" title=\"Cap Fr\u00e9hel\" \/><\/li>\n                <li style=\"display: none; width: 100%;\" class=\"slide-569 ms-image \" aria-roledescription=\"slide\" aria-label=\"slide-569\"><img loading=\"lazy\" decoding=\"async\" src=\"https:\/\/fishinbretagne.fr\/wp-content\/uploads\/2021\/11\/gros-lieu-jaune-scaled-800x600.jpg\" height=\"600\" width=\"800\" alt=\"\" class=\"slider-106 slide-569\" title=\"gros lieu jaune\" \/><\/li>\n                <li style=\"display: none; width: 100%;\" class=\"slide-573 ms-image \" aria-roledescription=\"slide\" aria-label=\"slide-573\"><img loading=\"lazy\" decoding=\"async\" src=\"https:\/\/fishinbretagne.fr\/wp-content\/uploads\/2021\/11\/Dorade-grise-scaled-800x600.jpeg\" height=\"600\" width=\"800\" alt=\"\" class=\"slider-106 slide-573\" title=\"Dorade grise\" \/><\/li>\n                <li style=\"display: none; width: 100%;\" class=\"slide-577 ms-image \" aria-roledescription=\"slide\" aria-label=\"slide-577\"><img loading=\"lazy\" decoding=\"async\" src=\"https:\/\/fishinbretagne.fr\/wp-content\/uploads\/2021\/11\/pagre-scaled-800x600.jpg\" height=\"600\" width=\"800\" alt=\"\" class=\"slider-106 slide-577\" title=\"pagre\" \/><\/li>\n                <li style=\"display: none; width: 100%;\" class=\"slide-578 ms-image \" aria-roledescription=\"slide\" aria-label=\"slide-578\"><img loading=\"lazy\" decoding=\"async\" src=\"https:\/\/fishinbretagne.fr\/wp-content\/uploads\/2021\/10\/IMG_3347-scaled-800x600.jpg\" height=\"600\" width=\"800\" alt=\"\" class=\"slider-106 slide-578\" title=\"IMG_3347\" \/><\/li>\n                <li style=\"display: none; width: 100%;\" class=\"slide-665 ms-image \" aria-roledescription=\"slide\" aria-label=\"slide-665\"><img loading=\"lazy\" decoding=\"async\" src=\"https:\/\/fishinbretagne.fr\/wp-content\/uploads\/2022\/12\/IMG_0591-scaled-800x600.jpeg\" height=\"600\" width=\"800\" alt=\"\" class=\"slider-106 slide-665\" title=\"IMG_0591\" \/><\/li>\n                <li style=\"display: none; width: 100%;\" class=\"slide-671 ms-image \" aria-roledescription=\"slide\" aria-label=\"slide-671\"><img loading=\"lazy\" decoding=\"async\" src=\"https:\/\/fishinbretagne.fr\/wp-content\/uploads\/2022\/12\/IMG_1379-scaled-800x600.jpeg\" height=\"600\" width=\"800\" alt=\"\" class=\"slider-106 slide-671\" title=\"IMG_1379\" \/><\/li>\n                <li style=\"display: none; width: 100%;\" class=\"slide-672 ms-image \" aria-roledescription=\"slide\" aria-label=\"slide-672\"><img loading=\"lazy\" decoding=\"async\" src=\"https:\/\/fishinbretagne.fr\/wp-content\/uploads\/2022\/12\/IMG_4056-scaled-800x600.jpeg\" height=\"600\" width=\"800\" alt=\"\" class=\"slider-106 slide-672\" title=\"IMG_4056\" \/><\/li>\n                <li style=\"display: none; width: 100%;\" class=\"slide-673 ms-image \" aria-roledescription=\"slide\" aria-label=\"slide-673\"><img loading=\"lazy\" decoding=\"async\" src=\"https:\/\/fishinbretagne.fr\/wp-content\/uploads\/2022\/12\/IMG_4840-scaled-800x600.jpeg\" height=\"600\" width=\"800\" alt=\"\" class=\"slider-106 slide-673\" title=\"IMG_4840\" \/><\/li>\n                <li style=\"display: none; width: 100%;\" class=\"slide-677 ms-image \" aria-roledescription=\"slide\" aria-label=\"slide-677\"><img loading=\"lazy\" decoding=\"async\" src=\"https:\/\/fishinbretagne.fr\/wp-content\/uploads\/2022\/12\/IMG_4806-scaled-800x600.jpeg\" height=\"600\" width=\"800\" alt=\"\" class=\"slider-106 slide-677\" title=\"IMG_4806\" \/><\/li>\n                <li style=\"display: none; width: 100%;\" class=\"slide-678 ms-image \" aria-roledescription=\"slide\" aria-label=\"slide-678\"><img loading=\"lazy\" decoding=\"async\" src=\"https:\/\/fishinbretagne.fr\/wp-content\/uploads\/2022\/12\/IMG_4791-scaled-800x600.jpeg\" height=\"600\" width=\"800\" alt=\"\" class=\"slider-106 slide-678\" title=\"IMG_4791\" \/><\/li>\n                <li style=\"display: none; width: 100%;\" class=\"slide-679 ms-image \" aria-roledescription=\"slide\" aria-label=\"slide-679\"><img loading=\"lazy\" decoding=\"async\" src=\"https:\/\/fishinbretagne.fr\/wp-content\/uploads\/2022\/12\/IMG_4614-scaled-800x600.jpeg\" height=\"600\" width=\"800\" alt=\"\" class=\"slider-106 slide-679\" title=\"IMG_4614\" \/><\/li>\n                <li style=\"display: none; width: 100%;\" class=\"slide-682 ms-image \" aria-roledescription=\"slide\" aria-label=\"slide-682\"><img loading=\"lazy\" decoding=\"async\" src=\"https:\/\/fishinbretagne.fr\/wp-content\/uploads\/2022\/12\/9DC926A8-CC08-42CD-AC03-36EFEFB7F62E-800x600.jpg\" height=\"600\" width=\"800\" alt=\"\" class=\"slider-106 slide-682\" title=\"9DC926A8-CC08-42CD-AC03-36EFEFB7F62E\" \/><\/li>\n                <li style=\"display: none; width: 100%;\" class=\"slide-684 ms-image \" aria-roledescription=\"slide\" aria-label=\"slide-684\"><img loading=\"lazy\" decoding=\"async\" src=\"https:\/\/fishinbretagne.fr\/wp-content\/uploads\/2022\/12\/77FC8EC4-A44D-4E60-8356-99B8BBE74CDC-800x600.jpg\" height=\"600\" width=\"800\" alt=\"\" class=\"slider-106 slide-684\" title=\"77FC8EC4-A44D-4E60-8356-99B8BBE74CDC\" \/><\/li>\n                <li style=\"display: none; width: 100%;\" class=\"slide-686 ms-image \" aria-roledescription=\"slide\" aria-label=\"slide-686\"><img loading=\"lazy\" decoding=\"async\" src=\"https:\/\/fishinbretagne.fr\/wp-content\/uploads\/2022\/12\/D07966AB-06A3-49F9-B47C-E5C7C772CB7F-800x600.jpg\" height=\"600\" width=\"800\" alt=\"\" class=\"slider-106 slide-686\" title=\"D07966AB-06A3-49F9-B47C-E5C7C772CB7F\" \/><\/li>\n                <li style=\"display: none; width: 100%;\" class=\"slide-689 ms-image \" aria-roledescription=\"slide\" aria-label=\"slide-689\"><img loading=\"lazy\" decoding=\"async\" src=\"https:\/\/fishinbretagne.fr\/wp-content\/uploads\/2022\/12\/FB379EE8-F81F-413B-8975-006851BB8AED-800x600.jpg\" height=\"600\" width=\"800\" alt=\"\" class=\"slider-106 slide-689\" title=\"FB379EE8-F81F-413B-8975-006851BB8AED\" \/><\/li>\n                <li style=\"display: none; width: 100%;\" class=\"slide-690 ms-image \" aria-roledescription=\"slide\" aria-label=\"slide-690\"><img loading=\"lazy\" decoding=\"async\" src=\"https:\/\/fishinbretagne.fr\/wp-content\/uploads\/2022\/12\/IMG_5592-scaled-800x600.jpg\" height=\"600\" width=\"800\" alt=\"\" class=\"slider-106 slide-690\" title=\"IMG_5592\" \/><\/li>\n                <li style=\"display: none; width: 100%;\" class=\"slide-692 ms-image \" aria-roledescription=\"slide\" aria-label=\"slide-692\"><img loading=\"lazy\" decoding=\"async\" src=\"https:\/\/fishinbretagne.fr\/wp-content\/uploads\/2021\/11\/belle-prise-scaled-800x600.jpg\" height=\"600\" width=\"800\" alt=\"\" class=\"slider-106 slide-692\" title=\"belle prise\" \/><\/li>\n                <li style=\"display: none; width: 100%;\" class=\"slide-702 ms-image \" aria-roledescription=\"slide\" aria-label=\"slide-702\"><img loading=\"lazy\" decoding=\"async\" src=\"https:\/\/fishinbretagne.fr\/wp-content\/uploads\/2022\/12\/IMG_4097-scaled-800x600.jpg\" height=\"600\" width=\"800\" alt=\"\" class=\"slider-106 slide-702\" title=\"IMG_4097\" \/><\/li>\n                <li style=\"display: none; width: 100%;\" class=\"slide-704 ms-image \" aria-roledescription=\"slide\" aria-label=\"slide-704\"><img loading=\"lazy\" decoding=\"async\" src=\"https:\/\/fishinbretagne.fr\/wp-content\/uploads\/2022\/12\/Double-de-bar-scaled-800x600.jpg\" height=\"600\" width=\"800\" alt=\"\" class=\"slider-106 slide-704\" title=\"Doubl\u00e9 de bar\" \/><\/li>\n                <li style=\"display: none; width: 100%;\" class=\"slide-711 ms-image \" aria-roledescription=\"slide\" aria-label=\"slide-711\"><img loading=\"lazy\" decoding=\"async\" src=\"https:\/\/fishinbretagne.fr\/wp-content\/uploads\/2022\/12\/IMG_4980-scaled-800x600.jpeg\" height=\"600\" width=\"800\" alt=\"\" class=\"slider-106 slide-711\" title=\"IMG_4980\" \/><\/li>\n                <li style=\"display: none; width: 100%;\" class=\"slide-712 ms-image \" aria-roledescription=\"slide\" aria-label=\"slide-712\"><img loading=\"lazy\" decoding=\"async\" src=\"https:\/\/fishinbretagne.fr\/wp-content\/uploads\/2022\/12\/IMG_5745-scaled-800x600.jpg\" height=\"600\" width=\"800\" alt=\"\" class=\"slider-106 slide-712\" title=\"IMG_5745\" \/><\/li>\n                <li style=\"display: none; width: 100%;\" class=\"slide-713 ms-image \" aria-roledescription=\"slide\" aria-label=\"slide-713\"><img loading=\"lazy\" decoding=\"async\" src=\"https:\/\/fishinbretagne.fr\/wp-content\/uploads\/2022\/12\/IMG_5373-scaled-800x600.jpg\" height=\"600\" width=\"800\" alt=\"\" class=\"slider-106 slide-713\" title=\"IMG_5373\" \/><\/li>\n                <li style=\"display: none; width: 100%;\" class=\"slide-714 ms-image \" aria-roledescription=\"slide\" aria-label=\"slide-714\"><img loading=\"lazy\" decoding=\"async\" src=\"https:\/\/fishinbretagne.fr\/wp-content\/uploads\/2022\/12\/IMG_5166-scaled-800x600.jpg\" height=\"600\" width=\"800\" alt=\"\" class=\"slider-106 slide-714\" title=\"IMG_5166\" \/><\/li>\n                <li style=\"display: none; width: 100%;\" class=\"slide-716 ms-image \" aria-roledescription=\"slide\" aria-label=\"slide-716\"><img loading=\"lazy\" decoding=\"async\" src=\"https:\/\/fishinbretagne.fr\/wp-content\/uploads\/2022\/12\/IMG_4514-scaled-800x600.jpg\" height=\"600\" width=\"800\" alt=\"\" class=\"slider-106 slide-716\" title=\"IMG_4514\" \/><\/li>\n                <li style=\"display: none; width: 100%;\" class=\"slide-717 ms-image \" aria-roledescription=\"slide\" aria-label=\"slide-717\"><img loading=\"lazy\" decoding=\"async\" src=\"https:\/\/fishinbretagne.fr\/wp-content\/uploads\/2022\/12\/IMG_5090-scaled-800x600.jpg\" height=\"600\" width=\"800\" alt=\"\" class=\"slider-106 slide-717\" title=\"IMG_5090\" \/><\/li>\n                <li style=\"display: none; width: 100%;\" class=\"slide-719 ms-image \" aria-roledescription=\"slide\" aria-label=\"slide-719\"><img loading=\"lazy\" decoding=\"async\" src=\"https:\/\/fishinbretagne.fr\/wp-content\/uploads\/2022\/12\/IMG_4751-scaled-800x600.jpg\" height=\"600\" width=\"800\" alt=\"\" class=\"slider-106 slide-719\" title=\"IMG_4751\" \/><\/li>\n                <li style=\"display: none; width: 100%;\" class=\"slide-721 ms-image \" aria-roledescription=\"slide\" aria-label=\"slide-721\"><img loading=\"lazy\" decoding=\"async\" src=\"https:\/\/fishinbretagne.fr\/wp-content\/uploads\/2022\/12\/IMG_4141-scaled-800x600.jpg\" height=\"600\" width=\"800\" alt=\"\" class=\"slider-106 slide-721\" title=\"IMG_4141\" \/><\/li>\n                <li style=\"display: none; width: 100%;\" class=\"slide-723 ms-image \" aria-roledescription=\"slide\" aria-label=\"slide-723\"><img loading=\"lazy\" decoding=\"async\" src=\"https:\/\/fishinbretagne.fr\/wp-content\/uploads\/2022\/12\/IMG_0717-scaled-800x600.jpeg\" height=\"600\" width=\"800\" alt=\"\" class=\"slider-106 slide-723\" title=\"IMG_0717\" \/><\/li>\n                <li style=\"display: none; width: 100%;\" class=\"slide-725 ms-image \" aria-roledescription=\"slide\" aria-label=\"slide-725\"><img loading=\"lazy\" decoding=\"async\" src=\"https:\/\/fishinbretagne.fr\/wp-content\/uploads\/2022\/12\/IMG_4046-scaled-800x600.jpeg\" height=\"600\" width=\"800\" alt=\"\" class=\"slider-106 slide-725\" title=\"IMG_4046\" \/><\/li>\n            <\/ul>\n        <\/div>\n        \n    <\/div>\n<\/div><\/div>\n<\/div><\/div>\n<\/div><\/div>\n","protected":false},"excerpt":{"rendered":"","protected":false},"author":1,"featured_media":0,"parent":0,"menu_order":0,"comment_status":"closed","ping_status":"closed","template":"","meta":{"_exactmetrics_skip_tracking":false,"_exactmetrics_sitenote_active":false,"_exactmetrics_sitenote_note":"","_exactmetrics_sitenote_category":0,"footnotes":""},"yoast_head":"<!-- This site is optimized with the Yoast SEO plugin v19.12 - https:\/\/yoast.com\/wordpress\/plugins\/seo\/ -->\n<title>Galerie - Fish&#039;in Bretagne<\/title>\n<meta name=\"robots\" content=\"index, follow, max-snippet:-1, max-image-preview:large, max-video-preview:-1\" \/>\n<link rel=\"canonical\" href=\"https:\/\/fishinbretagne.fr\/?page_id=120\/\" \/>\n<meta property=\"og:locale\" content=\"fr_FR\" \/>\n<meta property=\"og:type\" content=\"article\" \/>\n<meta property=\"og:title\" content=\"Galerie - Fish&#039;in Bretagne\" \/>\n<meta property=\"og:url\" content=\"https:\/\/fishinbretagne.fr\/?page_id=120\/\" \/>\n<meta property=\"og:site_name\" content=\"Fish&#039;in Bretagne\" \/>\n<meta property=\"article:modified_time\" content=\"2022-12-16T13:59:20+00:00\" \/>\n<meta name=\"twitter:card\" content=\"summary_large_image\" \/>\n<meta name=\"twitter:label1\" content=\"Dur\u00e9e de lecture estim\u00e9e\" \/>\n\t<meta name=\"twitter:data1\" content=\"1 minute\" \/>\n<script type=\"application\/ld+json\" class=\"yoast-schema-graph\">{\"@context\":\"https:\/\/schema.org\",\"@graph\":[{\"@type\":\"WebPage\",\"@id\":\"https:\/\/fishinbretagne.fr\/?page_id=120\",\"url\":\"https:\/\/fishinbretagne.fr\/?page_id=120\",\"name\":\"Galerie - Fish&#039;in Bretagne\",\"isPartOf\":{\"@id\":\"https:\/\/fishinbretagne.fr\/#website\"},\"datePublished\":\"2019-11-15T14:02:35+00:00\",\"dateModified\":\"2022-12-16T13:59:20+00:00\",\"breadcrumb\":{\"@id\":\"https:\/\/fishinbretagne.fr\/?page_id=120#breadcrumb\"},\"inLanguage\":\"fr-FR\",\"potentialAction\":[{\"@type\":\"ReadAction\",\"target\":[\"https:\/\/fishinbretagne.fr\/?page_id=120\"]}]},{\"@type\":\"BreadcrumbList\",\"@id\":\"https:\/\/fishinbretagne.fr\/?page_id=120#breadcrumb\",\"itemListElement\":[{\"@type\":\"ListItem\",\"position\":1,\"name\":\"Accueil\",\"item\":\"https:\/\/fishinbretagne.fr\/\"},{\"@type\":\"ListItem\",\"position\":2,\"name\":\"Galerie\"}]},{\"@type\":\"WebSite\",\"@id\":\"https:\/\/fishinbretagne.fr\/#website\",\"url\":\"https:\/\/fishinbretagne.fr\/\",\"name\":\"Fish&#039;in Bretagne\",\"description\":\"Guide de p\u00eache \u00e0 Saint Malo\",\"publisher\":{\"@id\":\"https:\/\/fishinbretagne.fr\/#organization\"},\"potentialAction\":[{\"@type\":\"SearchAction\",\"target\":{\"@type\":\"EntryPoint\",\"urlTemplate\":\"https:\/\/fishinbretagne.fr\/?s={search_term_string}\"},\"query-input\":\"required name=search_term_string\"}],\"inLanguage\":\"fr-FR\"},{\"@type\":\"Organization\",\"@id\":\"https:\/\/fishinbretagne.fr\/#organization\",\"name\":\"Fish&#039;in Bretagne\",\"url\":\"https:\/\/fishinbretagne.fr\/\",\"logo\":{\"@type\":\"ImageObject\",\"inLanguage\":\"fr-FR\",\"@id\":\"https:\/\/fishinbretagne.fr\/#\/schema\/logo\/image\/\",\"url\":\"https:\/\/fishinbretagne.fr\/wp-content\/uploads\/2020\/02\/cropped-logo-site.png\",\"contentUrl\":\"https:\/\/fishinbretagne.fr\/wp-content\/uploads\/2020\/02\/cropped-logo-site.png\",\"width\":500,\"height\":536,\"caption\":\"Fish&#039;in Bretagne\"},\"image\":{\"@id\":\"https:\/\/fishinbretagne.fr\/#\/schema\/logo\/image\/\"}}]}<\/script>\n<!-- \/ Yoast SEO plugin. -->","yoast_head_json":{"title":"Galerie - Fish&#039;in Bretagne","robots":{"index":"index","follow":"follow","max-snippet":"max-snippet:-1","max-image-preview":"max-image-preview:large","max-video-preview":"max-video-preview:-1"},"canonical":"https:\/\/fishinbretagne.fr\/?page_id=120\/","og_locale":"fr_FR","og_type":"article","og_title":"Galerie - Fish&#039;in Bretagne","og_url":"https:\/\/fishinbretagne.fr\/?page_id=120\/","og_site_name":"Fish&#039;in Bretagne","article_modified_time":"2022-12-16T13:59:20+00:00","twitter_card":"summary_large_image","twitter_misc":{"Dur\u00e9e de lecture estim\u00e9e":"1 minute"},"schema":{"@context":"https:\/\/schema.org","@graph":[{"@type":"WebPage","@id":"https:\/\/fishinbretagne.fr\/?page_id=120","url":"https:\/\/fishinbretagne.fr\/?page_id=120","name":"Galerie - Fish&#039;in Bretagne","isPartOf":{"@id":"https:\/\/fishinbretagne.fr\/#website"},"datePublished":"2019-11-15T14:02:35+00:00","dateModified":"2022-12-16T13:59:20+00:00","breadcrumb":{"@id":"https:\/\/fishinbretagne.fr\/?page_id=120#breadcrumb"},"inLanguage":"fr-FR","potentialAction":[{"@type":"ReadAction","target":["https:\/\/fishinbretagne.fr\/?page_id=120"]}]},{"@type":"BreadcrumbList","@id":"https:\/\/fishinbretagne.fr\/?page_id=120#breadcrumb","itemListElement":[{"@type":"ListItem","position":1,"name":"Accueil","item":"https:\/\/fishinbretagne.fr\/"},{"@type":"ListItem","position":2,"name":"Galerie"}]},{"@type":"WebSite","@id":"https:\/\/fishinbretagne.fr\/#website","url":"https:\/\/fishinbretagne.fr\/","name":"Fish&#039;in Bretagne","description":"Guide de p\u00eache \u00e0 Saint Malo","publisher":{"@id":"https:\/\/fishinbretagne.fr\/#organization"},"potentialAction":[{"@type":"SearchAction","target":{"@type":"EntryPoint","urlTemplate":"https:\/\/fishinbretagne.fr\/?s={search_term_string}"},"query-input":"required name=search_term_string"}],"inLanguage":"fr-FR"},{"@type":"Organization","@id":"https:\/\/fishinbretagne.fr\/#organization","name":"Fish&#039;in Bretagne","url":"https:\/\/fishinbretagne.fr\/","logo":{"@type":"ImageObject","inLanguage":"fr-FR","@id":"https:\/\/fishinbretagne.fr\/#\/schema\/logo\/image\/","url":"https:\/\/fishinbretagne.fr\/wp-content\/uploads\/2020\/02\/cropped-logo-site.png","contentUrl":"https:\/\/fishinbretagne.fr\/wp-content\/uploads\/2020\/02\/cropped-logo-site.png","width":500,"height":536,"caption":"Fish&#039;in Bretagne"},"image":{"@id":"https:\/\/fishinbretagne.fr\/#\/schema\/logo\/image\/"}}]}},"_links":{"self":[{"href":"https:\/\/fishinbretagne.fr\/index.php?rest_route=\/wp\/v2\/pages\/120"}],"collection":[{"href":"https:\/\/fishinbretagne.fr\/index.php?rest_route=\/wp\/v2\/pages"}],"about":[{"href":"https:\/\/fishinbretagne.fr\/index.php?rest_route=\/wp\/v2\/types\/page"}],"author":[{"embeddable":true,"href":"https:\/\/fishinbretagne.fr\/index.php?rest_route=\/wp\/v2\/users\/1"}],"replies":[{"embeddable":true,"href":"https:\/\/fishinbretagne.fr\/index.php?rest_route=%2Fwp%2Fv2%2Fcomments&post=120"}],"version-history":[{"count":7,"href":"https:\/\/fishinbretagne.fr\/index.php?rest_route=\/wp\/v2\/pages\/120\/revisions"}],"predecessor-version":[{"id":680,"href":"https:\/\/fishinbretagne.fr\/index.php?rest_route=\/wp\/v2\/pages\/120\/revisions\/680"}],"wp:attachment":[{"href":"https:\/\/fishinbretagne.fr\/index.php?rest_route=%2Fwp%2Fv2%2Fmedia&parent=120"}],"curies":[{"name":"wp","href":"https:\/\/api.w.org\/{rel}","templated":true}]}}